{"id":320,"date":"2025-02-24T07:59:06","date_gmt":"2025-02-24T07:59:06","guid":{"rendered":"https:\/\/dev.mdn.gov.mz\/?page_id=320"},"modified":"2025-05-11T10:21:38","modified_gmt":"2025-05-11T10:21:38","slug":"cprm-s","status":"publish","type":"page","link":"https:\/\/mdn.gov.mz\/index.php\/cprm-s\/","title":{"rendered":"CPRM&#8217;s"},"content":{"rendered":"\n<h2 class=\"wp-block-heading has-black-color has-text-color has-link-color wp-elements-0ae5794775f7c79207518212dec21e64\"><strong>C<strong>entros Provinciais de Recrutamento e Mobiliza\u00e7\u00e3o<\/strong><\/strong><\/h2>\n\n\n\n<p><strong>Natureza<\/strong><br>Os Centros Provinciais de Recrutamento e Mobiliza\u00e7\u00e3o, abreviadamente designados CPRM\u00b4s s\u00e3o representa\u00e7\u00f5es locais do Minist\u00e9rio da Defesa Nacional (MDN) e que tem por objectivo fundamental a obten\u00e7\u00e3o de efectivos para \u00e0s For\u00e7as Armadas de Defesa de Mo\u00e7ambique e para o Servi\u00e7o C\u00edvico de Mo\u00e7ambique.<\/p>\n\n\n\n<p><strong>Principios gerais da organiza\u00e7\u00e3o<\/strong><br>A organiza\u00e7\u00e3o e o funcionamento dos CPRM&#8217;s rege-se pelos princ\u00edpios de organiza\u00e7\u00e3o e funcionamento da Administra\u00e7\u00e3o P\u00fablica.<\/p>\n\n\n\n<p><strong>Subrodina\u00e7\u00e3o<\/strong><br>O Centro Provincial de Recrutamento e Mobiliza\u00e7\u00e3o subordina-se, a n\u00edvel Central, ao Ministro que superintende na \u00e1rea da Defesa Nacional e; a n\u00edvel local, ao Governador da Prov\u00edncia respectiva.<\/p>\n\n\n\n<p><strong>Atribui\u00e7\u00f5es<\/strong><br>Nas opera\u00e7\u00f5es de recrutamento militar, o Centro Provincial de Recrutamento e Mobiliza\u00e7\u00e3o articula com os demais \u00f3rg\u00e3os intervenientes, nos termos da Lei.<\/p>\n\n\n\n<p><strong>Compet\u00eancias dos CPRM&#8217;s<\/strong><br>S\u00e3o compet\u00eancias dos CPRM:<\/p>\n\n\n\n<ol style=\"list-style-type:lower-alpha\" class=\"wp-block-list\">\n<li>Estabelecer e manter liga\u00e7\u00e3o com os outros \u00f3rg\u00e3os locais na interven\u00e7\u00e3o no recenseamento, nomeadamente, as Conservat\u00f3rias, Delega\u00e7\u00f5es do Registo Civil e Criminal, os Governos Distritais, os Conselhos Municipais, os Postos Administrativos, estabelecimentos de ensino oficiais e particulares, e outros que influenciam o processo de recrutamento militar;<\/li>\n\n\n\n<li>Organizar anualmente, at\u00e9 30 de Setembro, a confer\u00eancia do recenseamento militar em colabora\u00e7\u00e3o com as conservat\u00f3rias e delega\u00e7\u00f5es do registo civil;<\/li>\n\n\n\n<li>Remeter aos Governos Distritais, aos Conselhos Municipais e aos Postos Administrativos, at\u00e9 31 de Dezembro de cada ano, as c\u00e9dulas militares dos cidad\u00e3os recenseados;<\/li>\n\n\n\n<li>Remeter aos Governos Distritais, aos Conselhos Municipais e aos Postos Administrativos as guias de apresenta\u00e7\u00e3o dos convocados para incorpora\u00e7\u00e3o;<\/li>\n\n\n\n<li>Proceder o tratamento administrativo dos processos relativos as situa\u00e7\u00f5es de adiamento, dispensa e exclus\u00e3o, tempor\u00e1ria, dos omissos, faltosos e compelidos, bem como remeter aos \u00f3rg\u00e3os competentes as participa\u00e7\u00f5es respeitantes aos faltosos, compelidos e refract\u00e1rios;<\/li>\n\n\n\n<li>Efectuar o registo dos alistados na reserva territorial;<\/li>\n\n\n\n<li>Manter actualizado o registo da situa\u00e7\u00e3o militar dos cidad\u00e3os sujeitos as obriga\u00e7\u00f5es militares;<\/li>\n\n\n\n<li>Promover a distribui\u00e7\u00e3o e a fixa\u00e7\u00e3o dos editais, emitir notifica\u00e7\u00f5es individuais e avisos relativos \u00e0s opera\u00e7\u00f5es de recrutamento;<\/li>\n\n\n\n<li>Remeter aos Governos Provinciais e Distritais as listas nominais dos cidad\u00e3os sujeitos ao pagamento da taxa militar;<\/li>\n\n\n\n<li>Preparar e executar as opera\u00e7\u00f5es de recrutamento, geral e especial, para as For\u00e7as Armadas de Defesa de Mo\u00e7ambique e Servi\u00e7o C\u00edvico de Mo\u00e7ambique bem como assegurar a administra\u00e7\u00e3o do potencial humano recrut\u00e1vel at\u00e9 \u00e0 sua incorpora\u00e7\u00e3o ou alistamento na reserva territorial;<\/li>\n\n\n\n<li>Manter o registo e o controlo do pessoal sujeito a obriga\u00e7\u00f5es militares que se encontre na situa\u00e7\u00e3o de disponibilidade, licenciamento ou reserva territorial;<\/li>\n\n\n\n<li>Preparar e executar as opera\u00e7\u00f5es de conserva\u00e7\u00e3o ou mobiliza\u00e7\u00e3o, com vista \u00e0 satisfa\u00e7\u00e3o das necessidades apresentadas pelas For\u00e7as Armadas de Defesa de Mo\u00e7ambique, de acordo com as directivas superiores e nas situa\u00e7\u00f5es em que, nos termos da lei, for determinada a convoca\u00e7\u00e3o ou mobiliza\u00e7\u00e3o militar.<\/li>\n<\/ol>\n\n\n\n<p><strong>Estrutura<\/strong><br>A estrutura dos CPRM&#8217;s compreende as unidades org\u00e2nicas seguintes:<\/p>\n\n\n\n<ol style=\"list-style-type:lower-alpha\" class=\"wp-block-list\">\n<li>Reparti\u00e7\u00e3o Provincial de Recrutamento Geral;<\/li>\n\n\n\n<li>Reparti\u00e7\u00e3o Provincial de Reserva Territorial e Mobiliza\u00e7\u00e3o;<\/li>\n\n\n\n<li>Reparti\u00e7\u00e3o Provincial de Rela\u00e7\u00f5es P\u00fablicas;<\/li>\n\n\n\n<li>Reparti\u00e7\u00e3o Provincial de Tecnologias de Informa\u00e7\u00e3o e Comunica\u00e7\u00e3o;<\/li>\n\n\n\n<li>Reparti\u00e7\u00e3o Provincial de Recursos Humanos;<\/li>\n\n\n\n<li>Reparti\u00e7\u00e3o Provincial de Administra\u00e7\u00e3o e Finan\u00e7as.&nbsp;<\/li>\n<\/ol>\n\n\n\n<p><strong>Direc\u00e7\u00e3o<\/strong><br>O Centro Provincial de Recrutamento e Mobiliza\u00e7\u00e3o \u00e9 dirigido por um Delegado Provincial nomeado pelo Ministro que superintende a \u00e1rea da Defesa Nacional.<\/p>\n","protected":false},"excerpt":{"rendered":"<p>Centros Provinciais de Recrutamento e Mobiliza\u00e7\u00e3o NaturezaOs Centros Provinciais de Recrutamento e Mobiliza\u00e7\u00e3o, abreviadamente designados CPRM\u00b4s s\u00e3o representa\u00e7\u00f5es locais do Minist\u00e9rio da Defesa Nacional (MDN) e que tem por objectivo [&hellip;]<\/p>\n","protected":false},"author":1,"featured_media":0,"parent":0,"menu_order":0,"comment_status":"closed","ping_status":"closed","template":"","meta":{"footnotes":""},"class_list":["post-320","page","type-page","status-publish","hentry"],"_links":{"self":[{"href":"https:\/\/mdn.gov.mz\/index.php\/wp-json\/wp\/v2\/pages\/320","targetHints":{"allow":["GET"]}}],"collection":[{"href":"https:\/\/mdn.gov.mz\/index.php\/wp-json\/wp\/v2\/pages"}],"about":[{"href":"https:\/\/mdn.gov.mz\/index.php\/wp-json\/wp\/v2\/types\/page"}],"author":[{"embeddable":true,"href":"https:\/\/mdn.gov.mz\/index.php\/wp-json\/wp\/v2\/users\/1"}],"replies":[{"embeddable":true,"href":"https:\/\/mdn.gov.mz\/index.php\/wp-json\/wp\/v2\/comments?post=320"}],"version-history":[{"count":5,"href":"https:\/\/mdn.gov.mz\/index.php\/wp-json\/wp\/v2\/pages\/320\/revisions"}],"predecessor-version":[{"id":1116,"href":"https:\/\/mdn.gov.mz\/index.php\/wp-json\/wp\/v2\/pages\/320\/revisions\/1116"}],"wp:attachment":[{"href":"https:\/\/mdn.gov.mz\/index.php\/wp-json\/wp\/v2\/media?parent=320"}],"curies":[{"name":"wp","href":"https:\/\/api.w.org\/{rel}","templated":true}]}}